{"id":6418,"date":"2024-06-13T08:47:23","date_gmt":"2024-06-13T12:47:23","guid":{"rendered":"https:\/\/correoparaguayo.gov.py\/sitio\/?page_id=6418"},"modified":"2025-12-22T09:58:30","modified_gmt":"2025-12-22T12:58:30","slug":"resoluciones","status":"publish","type":"page","link":"https:\/\/correoparaguayo.gov.py\/sitio\/resoluciones\/","title":{"rendered":"Resoluciones"},"content":{"rendered":"\t\t<div data-elementor-type=\"wp-page\" data-elementor-id=\"6418\" class=\"elementor elementor-6418\">\n\t\t\t\t\t\t<section class=\"elementor-section elementor-top-section elementor-element elementor-element-5e911a2 elementor-section-boxed elementor-section-height-default elementor-section-height-default\" data-id=\"5e911a2\" data-element_type=\"section\" data-e-type=\"section\">\n\t\t\t\t\t\t<div class=\"elementor-container elementor-column-gap-default\">\n\t\t\t\t\t<div class=\"elementor-column elementor-col-100 elementor-top-column elementor-element elementor-element-d1e73ab\" data-id=\"d1e73ab\" data-element_type=\"column\" data-e-type=\"column\">\n\t\t\t<div class=\"elementor-widget-wrap\">\n\t\t\t\t\t\t\t<\/div>\n\t\t<\/div>\n\t\t\t\t\t<\/div>\n\t\t<\/section>\n\t\t\t\t<section class=\"elementor-section elementor-top-section elementor-element elementor-element-5c93ed5 elementor-section-boxed elementor-section-height-default elementor-section-height-default\" data-id=\"5c93ed5\" data-element_type=\"section\" data-e-type=\"section\">\n\t\t\t\t\t\t<div class=\"elementor-container elementor-column-gap-default\">\n\t\t\t\t\t<div class=\"elementor-column elementor-col-100 elementor-top-column elementor-element elementor-element-8bca91e\" data-id=\"8bca91e\" data-element_type=\"column\" data-e-type=\"column\">\n\t\t\t<div class=\"elementor-widget-wrap elementor-element-populated\">\n\t\t\t\t\t\t<div class=\"elementor-element elementor-element-b22f7e5 elementor-widget elementor-widget-text-editor\" data-id=\"b22f7e5\" data-element_type=\"widget\" data-e-type=\"widget\" data-widget_type=\"text-editor.default\">\n\t\t\t\t<div class=\"elementor-widget-container\">\n\t\t\t\t\t\t\t\t\t<h4>Evaluaciones de Desempe\u00f1o 2025<\/h4><pre><em><a href=\"https:\/\/correoparaguayo.gov.py\/sitio\/wp-content\/uploads\/2025\/12\/RESOLUCION-NRO.2366-2025.pdf\">EVALUACI\u00d3N DE DESEMPE\u00d1O \"CALIFICACIONES  FINALES \" - RESOLUCI\u00d3N 2366\/2025<\/a><\/em><\/pre><pre><em><a href=\"https:\/\/correoparaguayo.gov.py\/sitio\/wp-content\/uploads\/2025\/12\/CALIFICACION-PRELIMINAR-04-12-2025.pdf\">EVALUACION DE DESEMPE\u00d1O 2025 \"CALIFICACIONES PRELIMINARES 2025\"<\/a><\/em><\/pre><hr \/><pre><em>\u00a0<\/em><\/pre><h4>Evaluaciones de Desempe\u00f1o 2024<\/h4><pre><em><br \/><a href=\"https:\/\/correoparaguayo.gov.py\/sitio\/wp-content\/uploads\/2025\/03\/NOTAS-FINALES-EVALUACION-2024.pdf\" target=\"_blank\" rel=\"noopener\">NOTAS FINALES DE LA EVALUACION DE DESEMPE\u00d1O 2024<\/a><\/em><\/pre><hr \/><pre><em><a href=\"https:\/\/correoparaguayo.gov.py\/sitio\/wp-content\/uploads\/2025\/02\/Calificaciones-PRELIMINARES-ED.pdf\">EVALUACION DE DESEMPE\u00d1O 2024<\/a><\/em><\/pre><hr \/>\t\t\t\t\t\t\t\t<\/div>\n\t\t\t\t<\/div>\n\t\t\t\t\t<\/div>\n\t\t<\/div>\n\t\t\t\t\t<\/div>\n\t\t<\/section>\n\t\t\t\t<\/div>\n\t\t","protected":false},"excerpt":{"rendered":"<p>Evaluaciones de Desempe\u00f1o 2025 EVALUACI\u00d3N DE DESEMPE\u00d1O \u00abCALIFICACIONES FINALES \u00bb &#8211; RESOLUCI\u00d3N 2366\/2025 EVALUACION DE DESEMPE\u00d1O 2025 \u00abCALIFICACIONES PRELIMINARES 2025\u00bb \u00a0 Evaluaciones de Desempe\u00f1o 2024 NOTAS FINALES DE LA EVALUACION DE DESEMPE\u00d1O 2024 EVALUACION DE DESEMPE\u00d1O 2024<\/p>\n","protected":false},"author":4,"featured_media":0,"parent":0,"menu_order":0,"comment_status":"closed","ping_status":"closed","template":"","meta":{"footnotes":""},"class_list":["post-6418","page","type-page","status-publish","hentry"],"_links":{"self":[{"href":"https:\/\/correoparaguayo.gov.py\/sitio\/wp-json\/wp\/v2\/pages\/6418","targetHints":{"allow":["GET"]}}],"collection":[{"href":"https:\/\/correoparaguayo.gov.py\/sitio\/wp-json\/wp\/v2\/pages"}],"about":[{"href":"https:\/\/correoparaguayo.gov.py\/sitio\/wp-json\/wp\/v2\/types\/page"}],"author":[{"embeddable":true,"href":"https:\/\/correoparaguayo.gov.py\/sitio\/wp-json\/wp\/v2\/users\/4"}],"replies":[{"embeddable":true,"href":"https:\/\/correoparaguayo.gov.py\/sitio\/wp-json\/wp\/v2\/comments?post=6418"}],"version-history":[{"count":51,"href":"https:\/\/correoparaguayo.gov.py\/sitio\/wp-json\/wp\/v2\/pages\/6418\/revisions"}],"predecessor-version":[{"id":11133,"href":"https:\/\/correoparaguayo.gov.py\/sitio\/wp-json\/wp\/v2\/pages\/6418\/revisions\/11133"}],"wp:attachment":[{"href":"https:\/\/correoparaguayo.gov.py\/sitio\/wp-json\/wp\/v2\/media?parent=6418"}],"curies":[{"name":"wp","href":"https:\/\/api.w.org\/{rel}","templated":true}]}}