{"id":50,"date":"2021-02-09T17:21:52","date_gmt":"2021-02-09T17:21:52","guid":{"rendered":"https:\/\/template.mitic.gov.py\/v4\/?page_id=50"},"modified":"2025-09-09T08:03:25","modified_gmt":"2025-09-09T11:03:25","slug":"informaciones","status":"publish","type":"page","link":"https:\/\/correoparaguayo.gov.py\/sitio\/informaciones\/","title":{"rendered":"Transparencia"},"content":{"rendered":"\t\t<div data-elementor-type=\"wp-page\" data-elementor-id=\"50\" class=\"elementor elementor-50\">\n\t\t\t\t\t\t<section class=\"elementor-section elementor-top-section elementor-element elementor-element-d4eb1d7 elementor-section-boxed elementor-section-height-default elementor-section-height-default\" data-id=\"d4eb1d7\" data-element_type=\"section\" data-e-type=\"section\">\n\t\t\t\t\t\t<div class=\"elementor-container elementor-column-gap-default\">\n\t\t\t\t\t<div class=\"elementor-column elementor-col-50 elementor-top-column elementor-element elementor-element-26cb561\" data-id=\"26cb561\" data-element_type=\"column\" data-e-type=\"column\">\n\t\t\t<div class=\"elementor-widget-wrap elementor-element-populated\">\n\t\t\t\t\t\t<div class=\"elementor-element elementor-element-675a72a elementor-widget elementor-widget-sidebar\" data-id=\"675a72a\" data-element_type=\"widget\" data-e-type=\"widget\" data-widget_type=\"sidebar.default\">\n\t\t\t\t<div class=\"elementor-widget-container\">\n\t\t\t\t\t<div class=\"external-link\"><a href=\"https:\/\/correoparaguayo.gov.py\/sitio\/rendicion-de-cuentas-al-ciudadano\/\"><img decoding=\"async\" width=\"300\" height=\"96\" src=\"https:\/\/correoparaguayo.gov.py\/sitio\/wp-content\/uploads\/2023\/08\/BOTONES-WEB1-300x96.png\" class=\"image wp-image-2318  attachment-medium size-medium\" alt=\"\" style=\"max-width: 100%; height: auto;\" srcset=\"https:\/\/correoparaguayo.gov.py\/sitio\/wp-content\/uploads\/2023\/08\/BOTONES-WEB1-300x96.png 300w, https:\/\/correoparaguayo.gov.py\/sitio\/wp-content\/uploads\/2023\/08\/BOTONES-WEB1-768x245.png 768w, https:\/\/correoparaguayo.gov.py\/sitio\/wp-content\/uploads\/2023\/08\/BOTONES-WEB1.png 834w\" sizes=\"(max-width: 300px) 100vw, 300px\" \/><\/a><\/div><div class=\"external-link\"><a href=\"https:\/\/correoparaguayo.gov.py\/sitio\/transparencia\/\"><img decoding=\"async\" width=\"300\" height=\"96\" src=\"https:\/\/correoparaguayo.gov.py\/sitio\/wp-content\/uploads\/2023\/08\/BOTONES-WEB2-300x96.png\" class=\"image wp-image-2319  attachment-medium size-medium\" alt=\"\" style=\"max-width: 100%; height: auto;\" srcset=\"https:\/\/correoparaguayo.gov.py\/sitio\/wp-content\/uploads\/2023\/08\/BOTONES-WEB2-300x96.png 300w, https:\/\/correoparaguayo.gov.py\/sitio\/wp-content\/uploads\/2023\/08\/BOTONES-WEB2-768x245.png 768w, https:\/\/correoparaguayo.gov.py\/sitio\/wp-content\/uploads\/2023\/08\/BOTONES-WEB2.png 834w\" sizes=\"(max-width: 300px) 100vw, 300px\" \/><\/a><\/div><div class=\"external-link\"><a href=\"https:\/\/correoparaguayo.gov.py\/sitio\/ley-5282\/\"><img decoding=\"async\" width=\"300\" height=\"96\" src=\"https:\/\/correoparaguayo.gov.py\/sitio\/wp-content\/uploads\/2023\/08\/BOTONES-WEB4-300x96.png\" class=\"image wp-image-2321  attachment-medium size-medium\" alt=\"\" style=\"max-width: 100%; height: auto;\" srcset=\"https:\/\/correoparaguayo.gov.py\/sitio\/wp-content\/uploads\/2023\/08\/BOTONES-WEB4-300x96.png 300w, https:\/\/correoparaguayo.gov.py\/sitio\/wp-content\/uploads\/2023\/08\/BOTONES-WEB4-768x245.png 768w, https:\/\/correoparaguayo.gov.py\/sitio\/wp-content\/uploads\/2023\/08\/BOTONES-WEB4.png 834w\" sizes=\"(max-width: 300px) 100vw, 300px\" \/><\/a><\/div><div class=\"external-link\"><a href=\"https:\/\/denuncias.contraloria.gov.py\/\"><img loading=\"lazy\" decoding=\"async\" width=\"300\" height=\"96\" src=\"https:\/\/correoparaguayo.gov.py\/sitio\/wp-content\/uploads\/2023\/08\/BOTONES-WEB3-300x96.png\" class=\"image wp-image-2320  attachment-medium size-medium\" alt=\"\" style=\"max-width: 100%; height: auto;\" srcset=\"https:\/\/correoparaguayo.gov.py\/sitio\/wp-content\/uploads\/2023\/08\/BOTONES-WEB3-300x96.png 300w, https:\/\/correoparaguayo.gov.py\/sitio\/wp-content\/uploads\/2023\/08\/BOTONES-WEB3-768x246.png 768w, https:\/\/correoparaguayo.gov.py\/sitio\/wp-content\/uploads\/2023\/08\/BOTONES-WEB3.png 834w\" sizes=\"(max-width: 300px) 100vw, 300px\" \/><\/a><\/div><div class=\"external-link\"><a href=\"https:\/\/rindiendocuentas.gov.py\/\"><img loading=\"lazy\" decoding=\"async\" width=\"500\" height=\"250\" src=\"https:\/\/correoparaguayo.gov.py\/sitio\/wp-content\/uploads\/2023\/08\/btn_rcuentas.jpg\" class=\"image wp-image-2289  attachment-834x417 size-834x417\" alt=\"\" style=\"max-width: 100%; height: auto;\" srcset=\"https:\/\/correoparaguayo.gov.py\/sitio\/wp-content\/uploads\/2023\/08\/btn_rcuentas.jpg 500w, https:\/\/correoparaguayo.gov.py\/sitio\/wp-content\/uploads\/2023\/08\/btn_rcuentas-300x150.jpg 300w\" sizes=\"(max-width: 500px) 100vw, 500px\" \/><\/a><\/div>\t\t\t\t<\/div>\n\t\t\t\t<\/div>\n\t\t\t\t\t<\/div>\n\t\t<\/div>\n\t\t\t\t<div class=\"elementor-column elementor-col-50 elementor-top-column elementor-element elementor-element-bc6a67a\" data-id=\"bc6a67a\" data-element_type=\"column\" data-e-type=\"column\">\n\t\t\t<div class=\"elementor-widget-wrap elementor-element-populated\">\n\t\t\t\t\t\t<div class=\"elementor-element elementor-element-9cc1544 elementor-widget elementor-widget-text-editor\" data-id=\"9cc1544\" data-element_type=\"widget\" data-e-type=\"widget\" data-widget_type=\"text-editor.default\">\n\t\t\t\t<div class=\"elementor-widget-container\">\n\t\t\t\t\t\t\t\t\t<p><strong>Portal de Denuncias Ciudadanas<\/strong>: El ciudadano afectado puede realizar su denuncia responsable,\u00a0<strong><em>pudiendo elegir la opci\u00f3n de protecci\u00f3n de sus datos personales<\/em>\u00a0<\/strong>(datos que ser\u00e1n encriptados), y realizar el seguimiento on-line del estado de su denuncia a trav\u00e9s de una contrase\u00f1a ingresando al<\/p><p>Portal: <a href=\"https:\/\/denuncias.contraloria.gov.py\/\">https:\/\/denuncias.contraloria.gov.py\/<\/a><\/p><p>Correo: <a href=\"mailto:denuncias@contraloria.gov.py\" target=\"_blank\" rel=\"nofollow noopener noreferrer\">denuncias@contraloria.gov.py<\/a><\/p><p>\u00a0<\/p>\t\t\t\t\t\t\t\t<\/div>\n\t\t\t\t<\/div>\n\t\t\t\t\t<\/div>\n\t\t<\/div>\n\t\t\t\t\t<\/div>\n\t\t<\/section>\n\t\t\t\t<\/div>\n\t\t","protected":false},"excerpt":{"rendered":"<p>Portal de Denuncias Ciudadanas: El ciudadano afectado puede realizar su denuncia responsable,\u00a0pudiendo elegir la opci\u00f3n de protecci\u00f3n de sus datos personales\u00a0(datos que ser\u00e1n encriptados), y realizar el seguimiento on-line del estado de su denuncia a trav\u00e9s de una contrase\u00f1a ingresando al Portal: https:\/\/denuncias.contraloria.gov.py\/ Correo: denuncias@contraloria.gov.py \u00a0<\/p>\n","protected":false},"author":4,"featured_media":0,"parent":0,"menu_order":0,"comment_status":"closed","ping_status":"closed","template":"","meta":{"footnotes":""},"class_list":["post-50","page","type-page","status-publish","hentry"],"_links":{"self":[{"href":"https:\/\/correoparaguayo.gov.py\/sitio\/wp-json\/wp\/v2\/pages\/50","targetHints":{"allow":["GET"]}}],"collection":[{"href":"https:\/\/correoparaguayo.gov.py\/sitio\/wp-json\/wp\/v2\/pages"}],"about":[{"href":"https:\/\/correoparaguayo.gov.py\/sitio\/wp-json\/wp\/v2\/types\/page"}],"author":[{"embeddable":true,"href":"https:\/\/correoparaguayo.gov.py\/sitio\/wp-json\/wp\/v2\/users\/4"}],"replies":[{"embeddable":true,"href":"https:\/\/correoparaguayo.gov.py\/sitio\/wp-json\/wp\/v2\/comments?post=50"}],"version-history":[{"count":23,"href":"https:\/\/correoparaguayo.gov.py\/sitio\/wp-json\/wp\/v2\/pages\/50\/revisions"}],"predecessor-version":[{"id":10431,"href":"https:\/\/correoparaguayo.gov.py\/sitio\/wp-json\/wp\/v2\/pages\/50\/revisions\/10431"}],"wp:attachment":[{"href":"https:\/\/correoparaguayo.gov.py\/sitio\/wp-json\/wp\/v2\/media?parent=50"}],"curies":[{"name":"wp","href":"https:\/\/api.w.org\/{rel}","templated":true}]}}