{"id":411,"date":"2023-07-18T11:18:51","date_gmt":"2023-07-18T15:18:51","guid":{"rendered":"https:\/\/migracion.correoparaguayo.gov.py\/?page_id=411"},"modified":"2026-04-27T11:15:00","modified_gmt":"2026-04-27T14:15:00","slug":"rendicion-de-cuentas-al-ciudadano","status":"publish","type":"page","link":"https:\/\/correoparaguayo.gov.py\/sitio\/rendicion-de-cuentas-al-ciudadano\/","title":{"rendered":"Rendici\u00f3n de Cuentas al Ciudadano"},"content":{"rendered":"\t\t<div data-elementor-type=\"wp-page\" data-elementor-id=\"411\" class=\"elementor elementor-411\">\n\t\t\t\t\t\t<section class=\"elementor-section elementor-top-section elementor-element elementor-element-cfcdca0 elementor-section-boxed elementor-section-height-default elementor-section-height-default\" data-id=\"cfcdca0\" data-element_type=\"section\" data-e-type=\"section\">\n\t\t\t\t\t\t<div class=\"elementor-container elementor-column-gap-default\">\n\t\t\t\t\t<div class=\"elementor-column elementor-col-100 elementor-top-column elementor-element elementor-element-9ab16d7\" data-id=\"9ab16d7\" data-element_type=\"column\" data-e-type=\"column\">\n\t\t\t<div class=\"elementor-widget-wrap elementor-element-populated\">\n\t\t\t\t\t\t<div class=\"elementor-element elementor-element-088e99e elementor-widget elementor-widget-text-editor\" data-id=\"088e99e\" data-element_type=\"widget\" data-e-type=\"widget\" data-widget_type=\"text-editor.default\">\n\t\t\t\t<div class=\"elementor-widget-container\">\n\t\t\t\t\t\t\t\t\t<p>El nuevo modelo de rendici\u00f3n de cuentas se desarrolla en base a la metodolog\u00eda establecida en el manual aprobado por el Decreto N\u00ba 2991\/19, que encarga a las autoridades de las instituciones del Poder Ejecutivo, a impulsar actividades de rendici\u00f3n sobre su gesti\u00f3n, dirigidos al sujeto destinatario del servicio (el ciudadano), de forma sencilla, amigable y en forma constante, motivando su colaboraci\u00f3n en los procesos de toma de decisiones.<\/p><p>La coordinaci\u00f3n de las acciones recae sobre el Comit\u00e9 de Rendici\u00f3n de Cuentas al Ciudadano (CRCC), instancia constituida en las instituciones, con la misi\u00f3n de elaborar el plan de rendici\u00f3n de cuentas institucional y gestionar los mecanismos necesarios para dar avances al mismo, con la colaboraci\u00f3n activa y coordinada de todos sus miembros.<\/p><p>El CRCC tiene el encargo de elaborar informes parciales peri\u00f3dicos y un informe final, con sus respectivas evidencias, que se ponen a disposici\u00f3n de la ciudadan\u00eda para el libre acceso y control.<\/p><p>La Secretar\u00eda Nacional Anticorrupci\u00f3n es la instituci\u00f3n encargada de reglamentar y supervisar los procedimientos a fin promover el cumplimiento efectivo de las acciones de rendici\u00f3n orientadas al ciudadano.<\/p>\t\t\t\t\t\t\t\t<\/div>\n\t\t\t\t<\/div>\n\t\t\t\t\t<\/div>\n\t\t<\/div>\n\t\t\t\t\t<\/div>\n\t\t<\/section>\n\t\t\t\t<section class=\"elementor-section elementor-top-section elementor-element elementor-element-d801c43 elementor-section-boxed elementor-section-height-default elementor-section-height-default\" data-id=\"d801c43\" data-element_type=\"section\" data-e-type=\"section\">\n\t\t\t\t\t\t<div class=\"elementor-container elementor-column-gap-default\">\n\t\t\t\t\t<div class=\"elementor-column elementor-col-100 elementor-top-column elementor-element elementor-element-ddbebcb\" data-id=\"ddbebcb\" data-element_type=\"column\" data-e-type=\"column\">\n\t\t\t<div class=\"elementor-widget-wrap\">\n\t\t\t\t\t\t\t<\/div>\n\t\t<\/div>\n\t\t\t\t\t<\/div>\n\t\t<\/section>\n\t\t\t\t<section class=\"elementor-section elementor-top-section elementor-element elementor-element-1541c10 elementor-section-boxed elementor-section-height-default elementor-section-height-default\" data-id=\"1541c10\" data-element_type=\"section\" data-e-type=\"section\">\n\t\t\t\t\t\t<div class=\"elementor-container elementor-column-gap-default\">\n\t\t\t\t\t<div class=\"elementor-column elementor-col-100 elementor-top-column elementor-element elementor-element-6554e4e\" data-id=\"6554e4e\" data-element_type=\"column\" data-e-type=\"column\">\n\t\t\t<div class=\"elementor-widget-wrap elementor-element-populated\">\n\t\t\t\t\t\t<div class=\"elementor-element elementor-element-ba201b2 elementor-widget elementor-widget-html\" data-id=\"ba201b2\" data-element_type=\"widget\" data-e-type=\"widget\" data-widget_type=\"html.default\">\n\t\t\t\t<div class=\"elementor-widget-container\">\n\t\t\t\t\t<p><strong>Ejercicio fiscal 2026<\/strong><\/p>\r\n<table border=\"1\" style=\"border-collapse: collapse; width: 100%; height: 120px;\">\r\n<tbody>\r\n<tr style=\"height: 24px;\">\r\n<td style=\"width: 50%; height: 24px;\">\r\nDesignaci\u00f3n Tec. Responsable y Conformaci\u00f3n del CRCC 2026\r\n\r\n\r\n<td style=\"width: 50%; height: 24px;\"><a href=\"https:\/\/correoparaguayo.gov.py\/sitio\/wp-content\/uploads\/2026\/01\/ACUSE-CGR-NOTA-Y-RESO-1.pdf\" target=\"_blank\" rel=\"noopener\">Ver Archivo<\/a><\/td>\r\n\r\n\r\n<tr style=\"height: 24px;\">\r\n<td style=\"width: 50%; height: 24px;\">\r\nPLAN ANUAL Y CRONOGRAMA DEL COMITE DE RENDICION DE CUENTAS AL CIUDADANO, EJERCICIO FISCAL 2026\r\n<td style=\"width: 50%; height: 24px;\"><a href=\"https:\/\/correoparaguayo.gov.py\/sitio\/wp-content\/uploads\/2026\/02\/PLAN-ANUAL-Y-CRONOGRAMA-DEL-COMITE-DE-RENDICION-DE-CUENTAS-AL-CIUDADANO-EJERCICIO-FISCAL-2026-Completo.pdf\" target=\"_blank\" rel=\"noopener\">Ver Archivo<\/a><\/td>\r\n<tr style=\"height: 24px;\">\r\n<td style=\"width: 50%; height: 24px;\">\r\nPLAN ANUAL DE TRANSPARENCIA E INTEGRIDAD Y LA MATRIZ CORRESPONDIENTE AL EJERCICIO FISCAL 2026\r\n\r\n<td style=\"width: 50%; height: 24px;\"><a href=\"https:\/\/correoparaguayo.gov.py\/sitio\/wp-content\/uploads\/2026\/02\/PLAN-ANUAL-DE-TRANSPARENCIA-E-INTEGRIDAD-Y-LA-MATRIZ-CORRESPONDIENTE-AL-EJERCICIO-FISCAL-2026-Completo.pdf\" target=\"_blank\" rel=\"noopener\">Ver Archivo<\/a><\/td>\r\n\r\n\r\n<tr style=\"height: 24px;\">\r\n<td style=\"width: 50%; height: 24px;\">\r\nPrimer Informe Trimestral CRCC de Enero a Marzo de 2026\r\n\r\n<td style=\"width: 50%; height: 24px;\"><a href=\"https:\/\/correoparaguayo.gov.py\/sitio\/wp-content\/uploads\/2026\/04\/pdfjoiner-1.pdf\" target=\"_blank\" rel=\"noopener\">Ver Archivo<\/a><\/td>\r\n\r\n\r\n<\/tr>\r\n<\/table>\r\n\t\t\t\t<\/div>\n\t\t\t\t<\/div>\n\t\t\t\t\t<\/div>\n\t\t<\/div>\n\t\t\t\t\t<\/div>\n\t\t<\/section>\n\t\t\t\t<section class=\"elementor-section elementor-top-section elementor-element elementor-element-cee8391 elementor-section-boxed elementor-section-height-default elementor-section-height-default\" data-id=\"cee8391\" data-element_type=\"section\" data-e-type=\"section\">\n\t\t\t\t\t\t<div class=\"elementor-container elementor-column-gap-default\">\n\t\t\t\t\t<div class=\"elementor-column elementor-col-100 elementor-top-column elementor-element elementor-element-d0bc727\" data-id=\"d0bc727\" data-element_type=\"column\" data-e-type=\"column\">\n\t\t\t<div class=\"elementor-widget-wrap elementor-element-populated\">\n\t\t\t\t\t\t<div class=\"elementor-element elementor-element-5b36b38 elementor-widget elementor-widget-html\" data-id=\"5b36b38\" data-element_type=\"widget\" data-e-type=\"widget\" data-widget_type=\"html.default\">\n\t\t\t\t<div class=\"elementor-widget-container\">\n\t\t\t\t\t<p><strong>Ejercicio fiscal 2025<\/strong><\/p>\n<table cellpadding=\"2\" border=\"1\" style=\"border-collapse: collapse; width:100%; height: 40px;\">\n      <tr style=\"height: 24px;\">\n    <td style=\"width: 50%; height: 24px;\">\n        \nAVANCE DEL PLAN ANUAL DE TRANSPARENCIA 2025\n \n    <td style=\"width: 50%; height: 24px;\"><a href=\"https:\/\/correoparaguayo.gov.py\/sitio\/wp-content\/uploads\/2026\/01\/AVANCE-DEL-PLAN-ANUAL-DE-TRANSPARENCIA-2025.pdf\" target=\"_blank\" rel=\"noopener\">Ver Archivo<\/a><\/td> \n    \n      <tr style=\"height: 24px;\">\n    <td style=\"width: 50%; height: 24px;\">\n        \nInforme Final CRCC 2025\n \n    <td style=\"width: 50%; height: 24px;\"><a href=\"https:\/\/correoparaguayo.gov.py\/sitio\/wp-content\/uploads\/2025\/12\/INFORME-FINAL-CRCC-2025-1.pdf\" target=\"_blank\" rel=\"noopener\">Ver Archivo<\/a><\/td> \n    \n   <tr style=\"height: 24px;\">\n    <td style=\"width: 50%; height: 24px;\">\n        \nPanillas de Capacitaciones y Socializaciones\n \n    <td style=\"width: 50%; height: 24px;\"><a href=\"https:\/\/correoparaguayo.gov.py\/sitio\/wp-content\/uploads\/2025\/12\/PLANILLAS-DE-CAPACITACIONES-Y-SOCIALIZACIONES.pdf\" target=\"_blank\" rel=\"noopener\">Ver Archivo<\/a><\/td> \n    \n   <tr style=\"height: 24px;\">\n    <td style=\"width: 50%; height: 24px;\">\nEncuentas sobre Servicios Prestados\n \n    <td style=\"width: 50%; height: 24px;\"><a href=\"https:\/\/correoparaguayo.gov.py\/sitio\/wp-content\/uploads\/2025\/12\/Encuentas-sobre-servicios-prestados.-2025-CRCC.pdf\" target=\"_blank\" rel=\"noopener\">Ver Archivo<\/a><\/td> \n    \n    <tr style=\"height: 24px;\">\n    <td style=\"width: 50%; height: 24px;\">\n        \nEncuestas sobre Percepcion de la P\u00e1gina Web Institucional\n \n    <td style=\"width: 50%; height: 24px;\"><a href=\"https:\/\/correoparaguayo.gov.py\/sitio\/wp-content\/uploads\/2025\/12\/Encuestas-sobre-percepcion-de-la-pagina-web-institucional.2025.CRCC_.pdf\" target=\"_blank\" rel=\"noopener\">Ver Archivo<\/a><\/td>\n    \n \n    \n    \n       <tr style=\"height: 24px;\">\n    <td style=\"width: 50%; height: 24px;\">\nActas de Reuniones y Planillas de Asistencia CRCC\n \n    <td style=\"width: 50%; height: 24px;\"><a href=\"https:\/\/correoparaguayo.gov.py\/sitio\/wp-content\/uploads\/2025\/12\/ACTAS-DE-REUNIONES-Y-PLANILLAS-DE-ASISTENCIA-CRCC.pdf\" target=\"_blank\" rel=\"noopener\">Ver Archivo<\/a><\/td>\n     \n     <tr style=\"height: 24px;\">\n    <td style=\"width: 50%; height: 24px;\">\nInforme del Tercer Trimestral CRCC 2025\n     \n    <td style=\"width: 50%; height: 24px;\"><a href=\"https:\/\/correoparaguayo.gov.py\/sitio\/wp-content\/uploads\/2026\/01\/CamScanner-06-01-2026-10.52.pdf\" target=\"_blank\" rel=\"noopener\">Ver Archivo<\/a><\/td>\n   \n   \n       <tr style=\"height: 24px;\">\n    <td style=\"width: 50%; height: 24px;\">\nModificaci\u00f3n de la Conformaci\u00f3n del CRCC 2025\n     \n    <td style=\"width: 50%; height: 24px;\"><a href=\"https:\/\/correoparaguayo.gov.py\/sitio\/wp-content\/uploads\/2025\/11\/MODIFICACION-DE-LA-CONFORMACION-DEL-CRCC-2025.pdf\" target=\"_blank\" rel=\"noopener\">Ver Archivo<\/a><\/td>\n   \n    \n      <tr style=\"height: 24px;\">\n    <td style=\"width: 50%; height: 24px;\">\n  Informe Enero a Junio 2025 - CRCC\n     \n    <td style=\"width: 50%; height: 24px;\"><a href=\"https:\/\/correoparaguayo.gov.py\/sitio\/wp-content\/uploads\/2025\/08\/INFORME-DE-ENERO-A-JUNIO-2025-CRCC-1.pdf\" target=\"_blank\" rel=\"noopener\">Ver Archivo<\/a><\/td>\n    \n\n  \n      <tr style=\"height: 24px;\">\n    <td style=\"width: 50%; height: 24px;\">\nPlan y Cronograma de Rendici\u00f3n de Cuentas al Ciudadano     \n    <td style=\"width: 50%; height: 24px;\"><a href=\"https:\/\/correoparaguayo.gov.py\/sitio\/wp-content\/uploads\/2025\/08\/SCAN0003.PDF-1-1.pdf\" target=\"_blank\" rel=\"noopener\">Ver Archivo<\/a><\/td>\n    \n    \n     <tr style=\"height: 24px;\">\n    <td style=\"width: 50%; height: 24px;\">\n   Plan Anual de transparencia y anticorrupcion. Ejercicio Fiscal 2025\n     \n    <td style=\"width: 50%; height: 24px;\"><a href=\"https:\/\/correoparaguayo.gov.py\/sitio\/wp-content\/uploads\/2026\/01\/CGR2025combinepdf-2.pdf\" target=\"_blank\" rel=\"noopener\">Ver Archivo<\/a><\/td>\n    \n    \n    \n    <tr style=\"height: 24px;\">\n    <td style=\"width: 50%; height: 24px;\">\n        \n       Decreto N\u00b0 2991\/19\n        \n       <td style=\"width: 50%; height: 24px;\"><a href=\"https:\/\/correoparaguayo.gov.py\/sitio\/wp-content\/uploads\/2023\/09\/DECRETO2991_9qpxpmqn.pdf\" target=\"_blank\" rel=\"noopener\">Ver Archivo<\/a><\/td>\n       \n       \n        <tr style=\"height: 24px;\">\n    <td style=\"width: 50%; height: 24px;\">\n        \n        Conformaci\u00f3n de CRCC2025\n        \n       <td style=\"width: 50%; height: 24px;\"><a href=\"https:\/\/correoparaguayo.gov.py\/sitio\/wp-content\/uploads\/2025\/08\/CONFORMACION-DE-CRCC2025.pdf\" target=\"_blank\" rel=\"noopener\">Ver Archivo<\/a><\/td>\n    \n        <tr style=\"height: 24px;\">\n    <td style=\"width: 50%; height: 24px;\">\n        \n        Actualizacci\u00f3n CRCC2025\n        \n       <td style=\"width: 50%; height: 24px;\"><a href=\"https:\/\/correoparaguayo.gov.py\/sitio\/wp-content\/uploads\/2025\/08\/ACTUALIZACION-DE-CRCC2025.pdf\">Ver Archivo<\/a><\/td>\n       \n       \n       \n       <tr style=\"height: 24px;\">\n    <td style=\"width: 50%; height: 24px;\">\n        \n      Decreto N\u00b0 62\n        \n       <td style=\"width: 50%; height: 24px;\"><a href=\"https:\/\/correoparaguayo.gov.py\/sitio\/wp-content\/uploads\/2024\/01\/DECRETO62-1.pdf\" target=\"_blank\" rel=\"noopener\">Ver Archivo<\/a><\/td>\n    \n    \n<\/tr>\n<\/table>\t\t\t\t<\/div>\n\t\t\t\t<\/div>\n\t\t\t\t\t<\/div>\n\t\t<\/div>\n\t\t\t\t\t<\/div>\n\t\t<\/section>\n\t\t\t\t<section class=\"elementor-section elementor-top-section elementor-element elementor-element-cef07e5 elementor-section-boxed elementor-section-height-default elementor-section-height-default\" data-id=\"cef07e5\" data-element_type=\"section\" data-e-type=\"section\">\n\t\t\t\t\t\t<div class=\"elementor-container elementor-column-gap-default\">\n\t\t\t\t\t<div class=\"elementor-column elementor-col-100 elementor-top-column elementor-element elementor-element-04f8969\" data-id=\"04f8969\" data-element_type=\"column\" data-e-type=\"column\">\n\t\t\t<div class=\"elementor-widget-wrap elementor-element-populated\">\n\t\t\t\t\t\t<div class=\"elementor-element elementor-element-5b41023 elementor-widget elementor-widget-html\" data-id=\"5b41023\" data-element_type=\"widget\" data-e-type=\"widget\" data-widget_type=\"html.default\">\n\t\t\t\t<div class=\"elementor-widget-container\">\n\t\t\t\t\t<p><strong>Ejercicio fiscal 2024<\/strong><\/p>\r\n<table border=\"1\" style=\"border-collapse: collapse; width: 100%; height: 30px;\">\r\n<tbody>\r\n    \r\n    <tr style=\"height: 24px;\">\r\n<td style=\"width: 50%; height: 24px;\">\r\n    Plan Anual de Ttransparencia y Anticurrupcion 2024\r\n    \r\n    \r\n<\/td>\r\n\r\n<td style=\"width: 50%; height: 24px;\"><a href=\"https:\/\/correoparaguayo.gov.py\/sitio\/wp-content\/uploads\/2024\/05\/PTA-2024.pdf\" target=\"Ventana definida\" rel=\"noopener\">Ver Archivo<\/a><\/td>\r\n<\/tr>\r\n    <tr style=\"height: 24px;\">\r\n<td style=\"width: 50%; height: 24px;\">\r\n    Balance Anual de Gestion\u00f3n P\u00fablica 2024\r\n    \r\n    \r\n<\/td>\r\n\r\n\r\n\r\n<td style=\"width: 50%; height: 24px;\"><a href=\"https:\/\/correoparaguayo.gov.py\/sitio\/wp-content\/uploads\/2025\/01\/BAGP-DINACOPA.pdf\" target=\"Ventana definida\" rel=\"noopener\">Ver Archivo<\/a><\/td>\r\n<\/tr>\r\n\r\n\r\n    <tr style=\"height: 24px;\">\r\n<td style=\"width: 50%; height: 24px;\">\r\n    Primer Informe Parcial 2024\r\n    \r\n    \r\n<\/td>\r\n<td style=\"width: 50%; height: 24px;\"><a href=\"https:\/\/correoparaguayo.gov.py\/sitio\/wp-content\/uploads\/2024\/06\/PRIMER-INFORME-DE-RENDICIN-DE-CUENTA2.pdf\" target=\"Ventana definida\" rel=\"noopener\">Ver Archivo<\/a><\/td>\r\n<\/tr>\r\n<tr style=\"height: 24px;\">\r\n<td style=\"width: 50%; height: 24px;\">\r\n    Avances del Plan de Transparencia y Anticorrupcion. Ejercicio Fiscal 2024\r\n    \r\n    \r\n<\/td>\r\n<td style=\"width: 50%; height: 24px;\"><a href=\"https:\/\/correoparaguayo.gov.py\/sitio\/wp-content\/uploads\/2025\/07\/Avances_PlanTransparenciaAnticorrupcion_EjercicioFiscal2024.pdf\" target=\"Ventana definida\" rel=\"noopener\">Ver Archivo<\/a><\/td>\r\n<\/tr>\r\n\r\n\r\n\r\n\r\n<\/tbody>\r\n<\/table>\r\n<p>\r\n<p>\r\n    <strong>Ejercicio fiscal 2023<\/strong><\/p>\r\n\r\n<table border=\"1\" style=\"border-collapse: collapse; width: 100%; height: 120px;\">\r\n<tbody>\r\n    \r\n    <tr style=\"height: 24px;\">\r\n<td style=\"width: 50%; height: 24px;\">\r\n    Informe Final de RCCA\r\n<\/td>\r\n<td style=\"width: 50%; height: 24px;\"><a href=\"https:\/\/correoparaguayo.gov.py\/sitio\/wp-content\/uploads\/2024\/04\/INFORME-FINAL-DE-RCCA_O2023.pdf\" target=\"Ventana definida\" rel=\"noopener\">Ver Archivo<\/a><\/td>\r\n<\/tr>\r\n    \r\n    <tr style=\"height: 24px;\">\r\n<td style=\"width: 50%; height: 24px;\">\r\n    Balance Anual de Gesti\u00f3n P\u00fablica - BAGP \r\n<\/td>\r\n<td style=\"width: 50%; height: 24px;\"><a href=\"https:\/\/correoparaguayo.gov.py\/sitio\/wp-content\/uploads\/2024\/02\/BAGP-2023-07-Feb-2024-15-25-191.pdf\" target=\"ventana definida\" rel=\"noopener\">Ver Archivo<\/a><\/td>\r\n<\/tr>\r\n    \r\n    \r\n<tr style=\"height: 24px;\">\r\n<td style=\"width: 50%; height: 24px;\">\r\n    Plan Anual 2023\r\n<\/td>\r\n<td style=\"width: 50%; height: 24px;\"><a href=\"https:\/\/correoparaguayo.gov.py\/sitio\/wp-content\/uploads\/2023\/10\/PLAN-ANUAL-DE-TRANSPARENCIA-Y-ANTICORRUPCION-ANO-2023.pdf\" target=\"Ventana definida\" rel=\"noopener\">Ver Archivo<\/a><\/td>\r\n<\/tr>\r\n\r\n\r\n\r\n\r\n\r\n<tr style=\"height: 24px;\">\r\n<td style=\"width: 50%; height: 24px;\">Primer Informe Parcial<\/td>\r\n<td style=\"width: 50%; height: 24px;\"><a href=\"https:\/\/correoparaguayo.gov.py\/sitio\/wp-content\/uploads\/2024\/01\/Primer-Informe-Trimestral-de-Rendicion-de-Cuentas-2023.pdf\" target=\"ventana definida\" rel=\"noopener\">Ver Archivo<\/a><\/td>\r\n<\/tr>\r\n<tr style=\"height: 24px;\">\r\n<td style=\"width: 50%; height: 24px;\">Segundo Informe Parcial<\/td>\r\n<td style=\"width: 50%; height: 24px;\"><a href=\"https:\/\/correoparaguayo.gov.py\/sitio\/wp-content\/uploads\/2024\/01\/SEGUNDO-INFORME-TRISMESTRAL-DINACOPA-2023.pdf\" target=\"_blank\" rel=\"noopener\">Ver Archivo<\/a><\/td>\r\n<\/tr>\r\n\r\n<\/tbody>\r\n<\/table>\t\t\t\t<\/div>\n\t\t\t\t<\/div>\n\t\t\t\t<div class=\"elementor-element elementor-element-199ff0f elementor-widget elementor-widget-html\" data-id=\"199ff0f\" data-element_type=\"widget\" data-e-type=\"widget\" data-widget_type=\"html.default\">\n\t\t\t\t<div class=\"elementor-widget-container\">\n\t\t\t\t\t<p><strong>Ejercicio fiscal 2022<\/strong><\/p>\r\n<table border=\"1\" style=\"border-collapse: collapse; width: 100%; height: 120px;\">\r\n<tbody>\r\n<tr style=\"height: 24px;\">\r\n<td style=\"width: 50%; height: 24px;\">\r\n    Informe Final 2022\r\n<\/td>\r\n<td style=\"width: 50%; height: 24px;\"><a href=\"https:\/\/correoparaguayo.gov.py\/sitio\/wp-content\/uploads\/2024\/01\/INFORME-FINAL-A-SENAC2022-1.pdf\" target=\"_blank\" rel=\"noopener\">Ver Archivo<\/a><\/td>\r\n<\/tr>\r\n<tr style=\"height: 24px;\">\r\n<td style=\"width: 50%; height: 24px;\">Primer Informe Parcial<\/td>\r\n<td style=\"width: 50%; height: 24px;\"><a href=\"https:\/\/correoparaguayo.gov.py\/sitio\/wp-content\/uploads\/2024\/01\/PRIMER-INFORME-TIMESTRALA-SENAC-2022.pdf\" target=\"Ventana definida\" rel=\"noopener\">Ver Archivo <\/a><\/td>\r\n<\/tr>\r\n<tr style=\"height: 24px;\">\r\n<td style=\"width: 50%; height: 24px;\">Segundo Informe Parcial<\/td>\r\n<td style=\"width: 50%; height: 24px;\"><a href=\"https:\/\/correoparaguayo.gov.py\/sitio\/wp-content\/uploads\/2024\/01\/SEGUNDO-INFORME-TRIMESTRAL-A-SENAC2022.pdf\" target=\"_blank\" rel=\"noopener\">Ver Archivo<\/a><\/td>\r\n\r\n<\/tr>\r\n<tr style=\"height: 24px;\">\r\n<td style=\"width: 50%; height: 24px;\">Tercer Informe Parcial<\/td>\r\n<td style=\"width: 50%; height: 24px;\"><a href=\"https:\/\/correoparaguayo.gov.py\/sitio\/wp-content\/uploads\/2024\/01\/TERCER-INFORME-TRIMESTRAL-A-SENAC2022.pdf\" target=\"_blank\" rel=\"noopener\">Ver Archivo<\/a><\/td>\r\n<\/tr>\r\n\r\n\r\n<tr style=\"height: 24px;\">\r\n<td style=\"width: 50%; height: 24px;\">Balance Anual de Gesti\u00f3n P\u00fablica - BAGP<\/td>\r\n<td style=\"width: 50%; height: 24px;\"><a href=\"https:\/\/correoparaguayo.gov.py\/sitio\/wp-content\/uploads\/2024\/02\/BAGP-2022-DINACOPA.pdf\" target=\"_blank\" rel=\"noopener\">Ver Archivo<\/a><\/td>\r\n\r\n<\/tr>\r\n\r\n\r\n\r\n<\/tbody>\r\n<\/table>\t\t\t\t<\/div>\n\t\t\t\t<\/div>\n\t\t\t\t<div class=\"elementor-element elementor-element-47973cc elementor-widget elementor-widget-html\" data-id=\"47973cc\" data-element_type=\"widget\" data-e-type=\"widget\" data-widget_type=\"html.default\">\n\t\t\t\t<div class=\"elementor-widget-container\">\n\t\t\t\t\t<p><strong>Ejercicio fiscal 2021<\/strong><\/p>\r\n<table border=\"1\" style=\"border-collapse: collapse; width: 100%; height: 40px;\">\r\n<tbody>\r\n<tr style=\"height: 14px;\">\r\n<td style=\"width: 50%; height: 24px;\">\r\n    Plan Anual 2021\r\n<\/td>\r\n<td style=\"width: 50%; height: 24px;\"><a href=\"https:\/\/correoparaguayo.gov.py\/sitio\/wp-content\/uploads\/2024\/01\/Plan-Anual-de-Transparencia-y-Anticorrupcion.pdf\" target=\"_blank\" rel=\"noopener\">Ver Archivo<\/a><\/td>\r\n<\/tbody>\r\n<\/table>\t\t\t\t<\/div>\n\t\t\t\t<\/div>\n\t\t\t\t\t<\/div>\n\t\t<\/div>\n\t\t\t\t\t<\/div>\n\t\t<\/section>\n\t\t\t\t<\/div>\n\t\t","protected":false},"excerpt":{"rendered":"<p>El nuevo modelo de rendici\u00f3n de cuentas se desarrolla en base a la metodolog\u00eda establecida en el manual aprobado por el Decreto N\u00ba 2991\/19, que encarga a las autoridades de las instituciones del Poder Ejecutivo, a impulsar actividades de rendici\u00f3n sobre su gesti\u00f3n, dirigidos al sujeto destinatario del servicio (el ciudadano), de forma sencilla, amigable [&hellip;]<\/p>\n","protected":false},"author":2,"featured_media":0,"parent":0,"menu_order":0,"comment_status":"closed","ping_status":"closed","template":"","meta":{"footnotes":""},"class_list":["post-411","page","type-page","status-publish","hentry"],"_links":{"self":[{"href":"https:\/\/correoparaguayo.gov.py\/sitio\/wp-json\/wp\/v2\/pages\/411","targetHints":{"allow":["GET"]}}],"collection":[{"href":"https:\/\/correoparaguayo.gov.py\/sitio\/wp-json\/wp\/v2\/pages"}],"about":[{"href":"https:\/\/correoparaguayo.gov.py\/sitio\/wp-json\/wp\/v2\/types\/page"}],"author":[{"embeddable":true,"href":"https:\/\/correoparaguayo.gov.py\/sitio\/wp-json\/wp\/v2\/users\/2"}],"replies":[{"embeddable":true,"href":"https:\/\/correoparaguayo.gov.py\/sitio\/wp-json\/wp\/v2\/comments?post=411"}],"version-history":[{"count":338,"href":"https:\/\/correoparaguayo.gov.py\/sitio\/wp-json\/wp\/v2\/pages\/411\/revisions"}],"predecessor-version":[{"id":12084,"href":"https:\/\/correoparaguayo.gov.py\/sitio\/wp-json\/wp\/v2\/pages\/411\/revisions\/12084"}],"wp:attachment":[{"href":"https:\/\/correoparaguayo.gov.py\/sitio\/wp-json\/wp\/v2\/media?parent=411"}],"curies":[{"name":"wp","href":"https:\/\/api.w.org\/{rel}","templated":true}]}}