{"id":126,"date":"2023-06-23T12:33:09","date_gmt":"2023-06-23T16:33:09","guid":{"rendered":"https:\/\/migracion.correoparaguayo.gov.py\/?page_id=126"},"modified":"2026-02-18T09:53:14","modified_gmt":"2026-02-18T12:53:14","slug":"mision","status":"publish","type":"page","link":"https:\/\/correoparaguayo.gov.py\/sitio\/mision\/","title":{"rendered":"Misi\u00f3n y Visi\u00f3n"},"content":{"rendered":"\t\t<div data-elementor-type=\"wp-page\" data-elementor-id=\"126\" class=\"elementor elementor-126\">\n\t\t\t\t\t\t<section class=\"elementor-section elementor-top-section elementor-element elementor-element-b25e279 elementor-section-boxed elementor-section-height-default elementor-section-height-default\" data-id=\"b25e279\" data-element_type=\"section\" data-e-type=\"section\">\n\t\t\t\t\t\t<div class=\"elementor-container elementor-column-gap-default\">\n\t\t\t\t\t<div class=\"elementor-column elementor-col-25 elementor-top-column elementor-element elementor-element-d60925b\" data-id=\"d60925b\" data-element_type=\"column\" data-e-type=\"column\">\n\t\t\t<div class=\"elementor-widget-wrap\">\n\t\t\t\t\t\t\t<\/div>\n\t\t<\/div>\n\t\t\t\t<div class=\"elementor-column elementor-col-25 elementor-top-column elementor-element elementor-element-876550e\" data-id=\"876550e\" data-element_type=\"column\" data-e-type=\"column\">\n\t\t\t<div class=\"elementor-widget-wrap elementor-element-populated\">\n\t\t\t\t\t\t<div class=\"elementor-element elementor-element-ed7f76b elementor-widget__width-initial elementor-view-default elementor-widget elementor-widget-icon\" data-id=\"ed7f76b\" data-element_type=\"widget\" data-e-type=\"widget\" data-widget_type=\"icon.default\">\n\t\t\t\t<div class=\"elementor-widget-container\">\n\t\t\t\t\t\t\t<div class=\"elementor-icon-wrapper\">\n\t\t\t<div class=\"elementor-icon\">\n\t\t\t<i aria-hidden=\"true\" class=\"fas fa-bookmark\"><\/i>\t\t\t<\/div>\n\t\t<\/div>\n\t\t\t\t\t\t<\/div>\n\t\t\t\t<\/div>\n\t\t\t\t\t<\/div>\n\t\t<\/div>\n\t\t\t\t<div class=\"elementor-column elementor-col-25 elementor-top-column elementor-element elementor-element-79d3070\" data-id=\"79d3070\" data-element_type=\"column\" data-e-type=\"column\">\n\t\t\t<div class=\"elementor-widget-wrap elementor-element-populated\">\n\t\t\t\t\t\t<div class=\"elementor-element elementor-element-aa08578 elementor-view-default elementor-widget elementor-widget-icon\" data-id=\"aa08578\" data-element_type=\"widget\" data-e-type=\"widget\" data-widget_type=\"icon.default\">\n\t\t\t\t<div class=\"elementor-widget-container\">\n\t\t\t\t\t\t\t<div class=\"elementor-icon-wrapper\">\n\t\t\t<div class=\"elementor-icon\">\n\t\t\t<i aria-hidden=\"true\" class=\"fas fa-vr-cardboard\"><\/i>\t\t\t<\/div>\n\t\t<\/div>\n\t\t\t\t\t\t<\/div>\n\t\t\t\t<\/div>\n\t\t\t\t\t<\/div>\n\t\t<\/div>\n\t\t\t\t<div class=\"elementor-column elementor-col-25 elementor-top-column elementor-element elementor-element-985e292\" data-id=\"985e292\" data-element_type=\"column\" data-e-type=\"column\">\n\t\t\t<div class=\"elementor-widget-wrap elementor-element-populated\">\n\t\t\t\t\t\t<div class=\"elementor-element elementor-element-188a230 elementor-view-default elementor-widget elementor-widget-icon\" data-id=\"188a230\" data-element_type=\"widget\" data-e-type=\"widget\" data-widget_type=\"icon.default\">\n\t\t\t\t<div class=\"elementor-widget-container\">\n\t\t\t\t\t\t\t<div class=\"elementor-icon-wrapper\">\n\t\t\t<div class=\"elementor-icon\">\n\t\t\t<i aria-hidden=\"true\" class=\"fab fa-buffer\"><\/i>\t\t\t<\/div>\n\t\t<\/div>\n\t\t\t\t\t\t<\/div>\n\t\t\t\t<\/div>\n\t\t\t\t\t<\/div>\n\t\t<\/div>\n\t\t\t\t\t<\/div>\n\t\t<\/section>\n\t\t\t\t<section class=\"elementor-section elementor-top-section elementor-element elementor-element-2d311d0 elementor-section-boxed elementor-section-height-default elementor-section-height-default\" data-id=\"2d311d0\" data-element_type=\"section\" data-e-type=\"section\">\n\t\t\t\t\t\t<div class=\"elementor-container elementor-column-gap-default\">\n\t\t\t\t\t<div class=\"elementor-column elementor-col-25 elementor-top-column elementor-element elementor-element-a9f61f1\" data-id=\"a9f61f1\" data-element_type=\"column\" data-e-type=\"column\">\n\t\t\t<div class=\"elementor-widget-wrap\">\n\t\t\t\t\t\t\t<\/div>\n\t\t<\/div>\n\t\t\t\t<div class=\"elementor-column elementor-col-25 elementor-top-column elementor-element elementor-element-1346b2f\" data-id=\"1346b2f\" data-element_type=\"column\" data-e-type=\"column\">\n\t\t\t<div class=\"elementor-widget-wrap elementor-element-populated\">\n\t\t\t\t\t\t<div class=\"elementor-element elementor-element-9e02d83 elementor-widget elementor-widget-text-editor\" data-id=\"9e02d83\" data-element_type=\"widget\" data-e-type=\"widget\" data-widget_type=\"text-editor.default\">\n\t\t\t\t<div class=\"elementor-widget-container\">\n\t\t\t\t\t\t\t\t\t<p style=\"text-align: center;\"><strong>MISI\u00d3N<\/strong><\/p><p style=\"text-align: center;\">\u201cSomos una instituci\u00f3n prestadora de servicios postales a nivel nacional e internacional, con productos accesibles y asequibles para los usuarios, a fin de facilitar la inclusi\u00f3n social\u201d.<\/p>\t\t\t\t\t\t\t\t<\/div>\n\t\t\t\t<\/div>\n\t\t\t\t\t<\/div>\n\t\t<\/div>\n\t\t\t\t<div class=\"elementor-column elementor-col-25 elementor-top-column elementor-element elementor-element-6ea0994\" data-id=\"6ea0994\" data-element_type=\"column\" data-e-type=\"column\">\n\t\t\t<div class=\"elementor-widget-wrap elementor-element-populated\">\n\t\t\t\t\t\t<div class=\"elementor-element elementor-element-b2a9228 elementor-widget elementor-widget-text-editor\" data-id=\"b2a9228\" data-element_type=\"widget\" data-e-type=\"widget\" data-widget_type=\"text-editor.default\">\n\t\t\t\t<div class=\"elementor-widget-container\">\n\t\t\t\t\t\t\t\t\t<p style=\"text-align: center;\"><strong>VISI\u00d3N<\/strong><\/p><p style=\"text-align: center;\">\u201cSer una instituci\u00f3n l\u00edder y confiable en el sector postal con innovaci\u00f3n y excelencia tecnol\u00f3gica, garantizando la satisfacci\u00f3n del usuario que contribuya al desarrollo econ\u00f3mico del pa\u00eds\u201d.<\/p>\t\t\t\t\t\t\t\t<\/div>\n\t\t\t\t<\/div>\n\t\t\t\t\t<\/div>\n\t\t<\/div>\n\t\t\t\t<div class=\"elementor-column elementor-col-25 elementor-top-column elementor-element elementor-element-063f88f\" data-id=\"063f88f\" data-element_type=\"column\" data-e-type=\"column\">\n\t\t\t<div class=\"elementor-widget-wrap elementor-element-populated\">\n\t\t\t\t\t\t<div class=\"elementor-element elementor-element-0dc0016 elementor-widget elementor-widget-text-editor\" data-id=\"0dc0016\" data-element_type=\"widget\" data-e-type=\"widget\" data-widget_type=\"text-editor.default\">\n\t\t\t\t<div class=\"elementor-widget-container\">\n\t\t\t\t\t\t\t\t\t<p style=\"text-align: center;\"><strong>VALORES \u00c9TICOS<\/strong><\/p><p><b>INTEGRIDAD<\/b><\/p><p><strong><b>TRANSPARENCIA<\/b><\/strong><\/p><p><strong>COMPROMISO<br \/><\/strong><\/p><p><strong>EFICIENCIA<br \/><\/strong><\/p><p><strong><b>COLABORACI\u00d3N<\/b><\/strong><\/p><p><strong><b>IMPARCIALIDAD<\/b><\/strong><\/p><p><b>CONFIANZA<\/b><\/p><p><b>IGUALDAD<\/b><\/p><p><b>NO DISCRIMINACION<\/b><\/p>\t\t\t\t\t\t\t\t<\/div>\n\t\t\t\t<\/div>\n\t\t\t\t\t<\/div>\n\t\t<\/div>\n\t\t\t\t\t<\/div>\n\t\t<\/section>\n\t\t\t\t<\/div>\n\t\t","protected":false},"excerpt":{"rendered":"<p>MISI\u00d3N \u201cSomos una instituci\u00f3n prestadora de servicios postales a nivel nacional e internacional, con productos accesibles y asequibles para los usuarios, a fin de facilitar la inclusi\u00f3n social\u201d. VISI\u00d3N \u201cSer una instituci\u00f3n l\u00edder y confiable en el sector postal con innovaci\u00f3n y excelencia tecnol\u00f3gica, garantizando la satisfacci\u00f3n del usuario que contribuya al desarrollo econ\u00f3mico del [&hellip;]<\/p>\n","protected":false},"author":2,"featured_media":0,"parent":0,"menu_order":0,"comment_status":"closed","ping_status":"closed","template":"","meta":{"footnotes":""},"class_list":["post-126","page","type-page","status-publish","hentry"],"_links":{"self":[{"href":"https:\/\/correoparaguayo.gov.py\/sitio\/wp-json\/wp\/v2\/pages\/126","targetHints":{"allow":["GET"]}}],"collection":[{"href":"https:\/\/correoparaguayo.gov.py\/sitio\/wp-json\/wp\/v2\/pages"}],"about":[{"href":"https:\/\/correoparaguayo.gov.py\/sitio\/wp-json\/wp\/v2\/types\/page"}],"author":[{"embeddable":true,"href":"https:\/\/correoparaguayo.gov.py\/sitio\/wp-json\/wp\/v2\/users\/2"}],"replies":[{"embeddable":true,"href":"https:\/\/correoparaguayo.gov.py\/sitio\/wp-json\/wp\/v2\/comments?post=126"}],"version-history":[{"count":29,"href":"https:\/\/correoparaguayo.gov.py\/sitio\/wp-json\/wp\/v2\/pages\/126\/revisions"}],"predecessor-version":[{"id":11469,"href":"https:\/\/correoparaguayo.gov.py\/sitio\/wp-json\/wp\/v2\/pages\/126\/revisions\/11469"}],"wp:attachment":[{"href":"https:\/\/correoparaguayo.gov.py\/sitio\/wp-json\/wp\/v2\/media?parent=126"}],"curies":[{"name":"wp","href":"https:\/\/api.w.org\/{rel}","templated":true}]}}